{"id":34,"date":"2025-12-19T09:19:57","date_gmt":"2025-12-19T09:19:57","guid":{"rendered":"https:\/\/erganispor.com.tr\/home\/"},"modified":"2025-12-19T12:45:45","modified_gmt":"2025-12-19T09:45:45","slug":"home","status":"publish","type":"page","link":"https:\/\/erganispor.com.tr\/","title":{"rendered":"Anasayfa"},"content":{"rendered":"\n\n\n\n\n\n\n\n\n\n\n<h1>Hakk\u0131m\u0131zda Daha Fazla Bilgi<\/h1>\n\n\n\n<h2>Ergani Spor Kul\u00fcb\u00fc, yerel futbol hizmetleri sunarak toplumsal kat\u0131l\u0131mc\u0131l\u0131\u011f\u0131 te\u015fvik eden bir spor organizasyonudur.<\/h2>\n\n\n\n<span style=\"color:#000000\">Yerel futbol k\u00fclt\u00fcr\u00fcn\u00fc geli\u015ftirmek ve ekonomik a\u00e7\u0131dan s\u00fcrd\u00fcr\u00fclebilir bir model olu\u015fturmak.<\/span>\n\n\n\n<span style=\"color:#000000\">Yerel topluma katk\u0131da bulunan \u00e7e\u015fitli sosyal sorumluluk projelerine imza at\u0131yoruz.\n<\/span>\n\n\n\n\n\n\n\n\n\n<h2>\u00d6zellikler<\/h2>\n\n\n\n\n\n\n\n<span style=\"color:#000000\">Erganispor, yerel topluma olan ba\u011fl\u0131l\u0131\u011f\u0131 ile tan\u0131nan bir futbol tak\u0131m\u0131d\u0131r.<\/span>\n\n\n\n\n\n<span style=\"color:#000000\">Futbolcular\u0131m\u0131za geli\u015fmi\u015f antrenman programlar\u0131 arac\u0131l\u0131\u011f\u0131yla performanslar\u0131n\u0131 art\u0131rma imkan\u0131 sunuyoruz.<\/span>\n\n\n\n\n\n<span style=\"color:#000000\">Her ma\u00e7ta hakemlerin bizimle birlikte oldu\u011funu hissettiren tutkulu bir taraftar toplulu\u011funa sahibiz.<\/span>\n\n\n\n\n\n<span style=\"color:#000000\">Amac\u0131m\u0131z, her y\u0131l daha fazla yerel taraftar kazanarak kendimizi geli\u015ftirmektir.<\/span>\n\n\n\n\n\n\n\n\n\n\n\n\n\n\n\n\n\n\n\n\n\n\n\n\n\n\n\n\n\n\n\n\n\n\n\n<h1>Sundu\u011fumuz Farkl\u0131l\u0131klar<\/h1>\n\n\n\n<h2>Ergaming Spor Kul\u00fcb\u00fc olarak yenilik\u00e7i ve geli\u015fmeye a\u00e7\u0131k bir yap\u0131ya sahibiz.<\/h2>\n\n\n\n\n\n\n\n\n\n\n\n\n\n\n\n\n\n\n\n\n\n<h2>Taraftarlar\u0131m\u0131z\u0131n Sesleri<\/h2>\n\n\n\n\n\n\n\n\n\n\n\n\n\n\n\n<h2>Harika bir tak\u0131ma sahibiz ve onlar\u0131n tutkusunu g\u00f6rmek maddi olmaktan \u00e7ok daha fazlas\u0131!<\/h2>\n\n\n\n\n\n\n\n\n\n\n\n\n\n<h2>Futbol alan\u0131ndaki katk\u0131lar\u0131 i\u00e7in minnettar\u0131m! Tak\u0131m\u0131m\u0131z gelece\u011fe umutla bak\u0131yor.<\/h2>\n\n\n\n\n\n\n\n\n\n\n\n\n\n<h2>Erganispor ile birlikte yeni ba\u015far\u0131lara imza ataca\u011f\u0131z!<\/h2>\n\n\n","protected":false},"excerpt":{"rendered":"","protected":false},"author":1,"featured_media":0,"parent":0,"menu_order":0,"comment_status":"closed","ping_status":"closed","template":"","meta":{"pagelayer_contact_templates":[],"_pagelayer_content":"","footnotes":""},"class_list":["post-34","page","type-page","status-publish","hentry"],"_links":{"self":[{"href":"https:\/\/erganispor.com.tr\/index.php?rest_route=\/wp\/v2\/pages\/34","targetHints":{"allow":["GET"]}}],"collection":[{"href":"https:\/\/erganispor.com.tr\/index.php?rest_route=\/wp\/v2\/pages"}],"about":[{"href":"https:\/\/erganispor.com.tr\/index.php?rest_route=\/wp\/v2\/types\/page"}],"author":[{"embeddable":true,"href":"https:\/\/erganispor.com.tr\/index.php?rest_route=\/wp\/v2\/users\/1"}],"replies":[{"embeddable":true,"href":"https:\/\/erganispor.com.tr\/index.php?rest_route=%2Fwp%2Fv2%2Fcomments&post=34"}],"version-history":[{"count":4,"href":"https:\/\/erganispor.com.tr\/index.php?rest_route=\/wp\/v2\/pages\/34\/revisions"}],"predecessor-version":[{"id":64,"href":"https:\/\/erganispor.com.tr\/index.php?rest_route=\/wp\/v2\/pages\/34\/revisions\/64"}],"wp:attachment":[{"href":"https:\/\/erganispor.com.tr\/index.php?rest_route=%2Fwp%2Fv2%2Fmedia&parent=34"}],"curies":[{"name":"wp","href":"https:\/\/api.w.org\/{rel}","templated":true}]}}