{"id":33,"date":"2025-12-19T09:19:57","date_gmt":"2025-12-19T09:19:57","guid":{"rendered":"https:\/\/erganispor.com.tr\/contact\/"},"modified":"2025-12-19T12:40:32","modified_gmt":"2025-12-19T09:40:32","slug":"contact","status":"publish","type":"page","link":"https:\/\/erganispor.com.tr\/?page_id=33","title":{"rendered":"\u0130leti\u015fim"},"content":{"rendered":"\n\n\n\n\n\n\n<h2>Bize Ula\u015f\u0131n<\/h2>\n\n\n\n<h2>\u0130leti\u015fim i\u00e7in uygun yollar\u0131 ke\u015ffedin.<\/h2>\n\n\n\n\n\n\n\n\n\n\n\n\u0130leti\u015fim Bilgileriniz\n\n\n\n<h2>Bizimle ileti\u015fim kurabilece\u011finiz alan.<\/h2>\n\n\n\n\n\n\n\n\n\n\n\n\n\n\n\n\n\nPazartesi &#8211; Cuma: 09:00 &#8211; 18:00\n\n\n\n\n\n\n\n\n\n\n\nNew York, New York, USA\n\n\n","protected":false},"excerpt":{"rendered":"","protected":false},"author":1,"featured_media":0,"parent":0,"menu_order":0,"comment_status":"closed","ping_status":"closed","template":"","meta":{"pagelayer_contact_templates":[],"_pagelayer_content":"","footnotes":""},"class_list":["post-33","page","type-page","status-publish","hentry"],"_links":{"self":[{"href":"https:\/\/erganispor.com.tr\/index.php?rest_route=\/wp\/v2\/pages\/33","targetHints":{"allow":["GET"]}}],"collection":[{"href":"https:\/\/erganispor.com.tr\/index.php?rest_route=\/wp\/v2\/pages"}],"about":[{"href":"https:\/\/erganispor.com.tr\/index.php?rest_route=\/wp\/v2\/types\/page"}],"author":[{"embeddable":true,"href":"https:\/\/erganispor.com.tr\/index.php?rest_route=\/wp\/v2\/users\/1"}],"replies":[{"embeddable":true,"href":"https:\/\/erganispor.com.tr\/index.php?rest_route=%2Fwp%2Fv2%2Fcomments&post=33"}],"version-history":[{"count":4,"href":"https:\/\/erganispor.com.tr\/index.php?rest_route=\/wp\/v2\/pages\/33\/revisions"}],"predecessor-version":[{"id":60,"href":"https:\/\/erganispor.com.tr\/index.php?rest_route=\/wp\/v2\/pages\/33\/revisions\/60"}],"wp:attachment":[{"href":"https:\/\/erganispor.com.tr\/index.php?rest_route=%2Fwp%2Fv2%2Fmedia&parent=33"}],"curies":[{"name":"wp","href":"https:\/\/api.w.org\/{rel}","templated":true}]}}