{"id":32,"date":"2025-12-19T09:19:57","date_gmt":"2025-12-19T09:19:57","guid":{"rendered":"https:\/\/erganispor.com.tr\/about\/"},"modified":"2025-12-19T12:29:47","modified_gmt":"2025-12-19T09:29:47","slug":"about","status":"publish","type":"page","link":"https:\/\/erganispor.com.tr\/?page_id=32","title":{"rendered":"Biz"},"content":{"rendered":"\n\n\n\n<h2>Hakk\u0131m\u0131zda Daha Fazla Bilgi\n<h2>Ergani Spor Kul\u00fcb\u00fc, yerel futbol hizmetleri sunarak toplumsal kat\u0131l\u0131mc\u0131l\u0131\u011f\u0131 te\u015fvik eden bir spor organizasyonudur.<\/h2>\n\n\n\n\n\n\n\n\n\n\n\n<h2>Portf\u00f6y\u00fcm\u00fcz\u00fc Ke\u015ffedin<\/h2>\n\nKul\u00fcp Turnuvas\u0131\nYaz Kamp\u0131\nYerel Tak\u0131mlar Aras\u0131 Kar\u015f\u0131la\u015fma\nAntren\u00f6r Semineri\n\n\n\n\n\n\n<h2>Ba\u015far\u0131 Oran\u0131<\/h2>\n\n\n\n\n\n<h2>Yerel liglerde elde etti\u011fimiz ba\u015far\u0131 oranlar\u0131n\u0131 inceleyin.<\/h2>\n\n\n\n\n\n\n\n<h2>\u0130\u015f Ak\u0131\u015f\u0131m\u0131z<\/h2>\n\n\n\n\n<h2>01<\/h2>\n<span style=\"color:#000000\">Taleplerinizi almak i\u00e7in ilk ad\u0131m\u0131 at\u0131yoruz.<\/span>\n\n\n<h2>02<\/h2>\n<span style=\"color:#000000\">\u0130htiya\u00e7lar\u0131n\u0131z\u0131 anlamak i\u00e7in detayl\u0131 bir g\u00f6r\u00fc\u015fme yap\u0131yoruz.<\/span>\n\n\n<h2>03<\/h2>\n<span style=\"color:#000000\">Plan\u0131n\u0131z\u0131 \u015fekillendiriyoruz ve \u00f6nerilerde bulunuyoruz.<\/span>\n\n\n<h2>04<\/h2>\n<span style=\"color:#000000\"> T\u00fcm detaylar\u0131 onayl\u0131yoruz ve s\u00fcrece ba\u015fl\u0131yoruz.\n<\/span>\n\n\n\n\n\n\n\n\n\n<h2>Harekete Ge\u00e7in!<\/h2>\n<h2>Hedeflerinizi ger\u00e7ekle\u015ftirmek i\u00e7in bizimle ileti\u015fime ge\u00e7in.<\/h2>\n\n\n\n\n\n\n<h2>Tak\u0131m\u0131m\u0131zla Tan\u0131\u015f\u0131n<\/h2>\n\n\n\n\n\n\n\n\n\n\n<span style=\"color:#000000\">Ba\u015f Antren\u00f6r<\/span>\n\n\n\n\n\n\n\n\n<span style=\"color:#000000\">Sosyal Medya Koordinat\u00f6r\u00fc<\/span>\n\n\n\n\n\n\n\n\n<span style=\"color:#000000\">Pazarlama Sorumlusu<\/span>\n\n\n\n\n\n\n\n\n<span style=\"color:#000000\">Finans Y\u00f6netimi<\/span>\n\n","protected":false},"excerpt":{"rendered":"","protected":false},"author":1,"featured_media":0,"parent":0,"menu_order":0,"comment_status":"closed","ping_status":"closed","template":"","meta":{"pagelayer_contact_templates":[],"_pagelayer_content":"","footnotes":""},"class_list":["post-32","page","type-page","status-publish","hentry"],"_links":{"self":[{"href":"https:\/\/erganispor.com.tr\/index.php?rest_route=\/wp\/v2\/pages\/32","targetHints":{"allow":["GET"]}}],"collection":[{"href":"https:\/\/erganispor.com.tr\/index.php?rest_route=\/wp\/v2\/pages"}],"about":[{"href":"https:\/\/erganispor.com.tr\/index.php?rest_route=\/wp\/v2\/types\/page"}],"author":[{"embeddable":true,"href":"https:\/\/erganispor.com.tr\/index.php?rest_route=\/wp\/v2\/users\/1"}],"replies":[{"embeddable":true,"href":"https:\/\/erganispor.com.tr\/index.php?rest_route=%2Fwp%2Fv2%2Fcomments&post=32"}],"version-history":[{"count":3,"href":"https:\/\/erganispor.com.tr\/index.php?rest_route=\/wp\/v2\/pages\/32\/revisions"}],"predecessor-version":[{"id":50,"href":"https:\/\/erganispor.com.tr\/index.php?rest_route=\/wp\/v2\/pages\/32\/revisions\/50"}],"wp:attachment":[{"href":"https:\/\/erganispor.com.tr\/index.php?rest_route=%2Fwp%2Fv2%2Fmedia&parent=32"}],"curies":[{"name":"wp","href":"https:\/\/api.w.org\/{rel}","templated":true}]}}